{"id":74,"date":"2018-10-21T10:12:18","date_gmt":"2018-10-21T07:12:18","guid":{"rendered":"https:\/\/second.sitiarentacar.gr\/fr\/?post_type=product&#038;p=74"},"modified":"2025-11-16T17:10:49","modified_gmt":"2025-11-16T15:10:49","slug":"citroen-c1","status":"publish","type":"product","link":"https:\/\/sitiarentacar.gr\/fr\/boutique\/categorie-a\/citroen-c1\/","title":{"rendered":"CITROEN C1"},"content":{"rendered":"","protected":false},"excerpt":{"rendered":"<p>65\u20ac \/ 2 jours 206\u20ac \/ 1 sem. 358\u20ac \/ 2 sem. Pour\u00a0facturation d\u00e9taill\u00e9e par p\u00e9riode cliquez ici 4 Passagers Essence Sans Plomb 5\u00a0Portes \u00a03,9lt\/100Km 998 cc Clima Bo\u00eete de Vitesses Manuelle (5) \u00a0EURO 5 [&#8230;]<\/p>\n","protected":false},"featured_media":396,"template":"","meta":[],"product_cat":[19],"product_tag":[25],"_links":{"self":[{"href":"https:\/\/sitiarentacar.gr\/fr\/wp-json\/wp\/v2\/product\/74"}],"collection":[{"href":"https:\/\/sitiarentacar.gr\/fr\/wp-json\/wp\/v2\/product"}],"about":[{"href":"https:\/\/sitiarentacar.gr\/fr\/wp-json\/wp\/v2\/types\/product"}],"wp:featuredmedia":[{"embeddable":true,"href":"https:\/\/sitiarentacar.gr\/fr\/wp-json\/wp\/v2\/media\/396"}],"wp:attachment":[{"href":"https:\/\/sitiarentacar.gr\/fr\/wp-json\/wp\/v2\/media?parent=74"}],"wp:term":[{"taxonomy":"product_cat","embeddable":true,"href":"https:\/\/sitiarentacar.gr\/fr\/wp-json\/wp\/v2\/product_cat?post=74"},{"taxonomy":"product_tag","embeddable":true,"href":"https:\/\/sitiarentacar.gr\/fr\/wp-json\/wp\/v2\/product_tag?post=74"}],"curies":[{"name":"wp","href":"https:\/\/api.w.org\/{rel}","templated":true}]}}