{"id":381,"date":"2022-05-23T21:36:15","date_gmt":"2022-05-23T18:36:15","guid":{"rendered":"https:\/\/sitiarentacar.gr\/fr\/?post_type=product&#038;p=381"},"modified":"2025-11-16T16:58:21","modified_gmt":"2025-11-16T14:58:21","slug":"opel-astra-diesel","status":"publish","type":"product","link":"https:\/\/sitiarentacar.gr\/fr\/boutique\/categorie-d\/opel-astra-diesel\/","title":{"rendered":"OPEL ASTRA DIESEL"},"content":{"rendered":"","protected":false},"excerpt":{"rendered":"<p>92\u20ac \/ 2 jours 288\u20ac \/ 1 sem. 502\u20ac \/ 2 sem. Pour\u00a0facturation d\u00e9taill\u00e9e par p\u00e9riode cliquez ici 5 Passagers Diesel 5 Portes 5,0lt\/100Km 1600 cc Clima Bo\u00eete de Vitesses Manuelle (6) \u00a0EURO 5 Formulaire [&#8230;]<\/p>\n","protected":false},"featured_media":400,"template":"","meta":[],"product_cat":[22],"product_tag":[29],"_links":{"self":[{"href":"https:\/\/sitiarentacar.gr\/fr\/wp-json\/wp\/v2\/product\/381"}],"collection":[{"href":"https:\/\/sitiarentacar.gr\/fr\/wp-json\/wp\/v2\/product"}],"about":[{"href":"https:\/\/sitiarentacar.gr\/fr\/wp-json\/wp\/v2\/types\/product"}],"wp:featuredmedia":[{"embeddable":true,"href":"https:\/\/sitiarentacar.gr\/fr\/wp-json\/wp\/v2\/media\/400"}],"wp:attachment":[{"href":"https:\/\/sitiarentacar.gr\/fr\/wp-json\/wp\/v2\/media?parent=381"}],"wp:term":[{"taxonomy":"product_cat","embeddable":true,"href":"https:\/\/sitiarentacar.gr\/fr\/wp-json\/wp\/v2\/product_cat?post=381"},{"taxonomy":"product_tag","embeddable":true,"href":"https:\/\/sitiarentacar.gr\/fr\/wp-json\/wp\/v2\/product_tag?post=381"}],"curies":[{"name":"wp","href":"https:\/\/api.w.org\/{rel}","templated":true}]}}