{"id":258,"date":"2018-11-15T12:15:05","date_gmt":"2018-11-15T09:15:05","guid":{"rendered":"https:\/\/second.sitiarentacar.gr\/fr\/?post_type=product&#038;p=258"},"modified":"2025-11-16T17:12:11","modified_gmt":"2025-11-16T15:12:11","slug":"daihatsu-terios","status":"publish","type":"product","link":"https:\/\/sitiarentacar.gr\/fr\/boutique\/categorie-jp-terios\/daihatsu-terios\/","title":{"rendered":"DAIHATSU TERIOS"},"content":{"rendered":"","protected":false},"excerpt":{"rendered":"<p>125\u20ac \/ 2 jours 397\u20ac \/ 1 sem. 689\u20ac \/ 2 sem. Pour\u00a0facturation d\u00e9taill\u00e9e par p\u00e9riode cliquez ici 5 Passagers Essence Sans Plomb 5\u00a0Portes 6,0lt\/100Km 1298 cc Clima Bo\u00eete de Vitesses Manuelle (5) \u00a0EURO 4 [&#8230;]<\/p>\n","protected":false},"featured_media":259,"template":"","meta":[],"product_cat":[24],"product_tag":[26],"_links":{"self":[{"href":"https:\/\/sitiarentacar.gr\/fr\/wp-json\/wp\/v2\/product\/258"}],"collection":[{"href":"https:\/\/sitiarentacar.gr\/fr\/wp-json\/wp\/v2\/product"}],"about":[{"href":"https:\/\/sitiarentacar.gr\/fr\/wp-json\/wp\/v2\/types\/product"}],"wp:featuredmedia":[{"embeddable":true,"href":"https:\/\/sitiarentacar.gr\/fr\/wp-json\/wp\/v2\/media\/259"}],"wp:attachment":[{"href":"https:\/\/sitiarentacar.gr\/fr\/wp-json\/wp\/v2\/media?parent=258"}],"wp:term":[{"taxonomy":"product_cat","embeddable":true,"href":"https:\/\/sitiarentacar.gr\/fr\/wp-json\/wp\/v2\/product_cat?post=258"},{"taxonomy":"product_tag","embeddable":true,"href":"https:\/\/sitiarentacar.gr\/fr\/wp-json\/wp\/v2\/product_tag?post=258"}],"curies":[{"name":"wp","href":"https:\/\/api.w.org\/{rel}","templated":true}]}}