{"id":256,"date":"2018-11-15T12:12:34","date_gmt":"2018-11-15T09:12:34","guid":{"rendered":"https:\/\/second.sitiarentacar.gr\/fr\/?post_type=product&#038;p=256"},"modified":"2025-11-16T17:13:08","modified_gmt":"2025-11-16T15:13:08","slug":"suzuki-jimny","status":"publish","type":"product","link":"https:\/\/sitiarentacar.gr\/fr\/boutique\/categorie-jp-jimny\/suzuki-jimny\/","title":{"rendered":"SUZUKI JIMNY"},"content":{"rendered":"","protected":false},"excerpt":{"rendered":"<p>103\u20ac \/ 2 jours 331\u20ac \/ 1 sem. 575\u20ac \/ 2 sem. Pour\u00a0facturation d\u00e9taill\u00e9e par p\u00e9riode cliquez ici 4 Passagers Essence Sans Plomb 3\u00a0Portes 6,5lt\/100Km 1328 cc Clima Bo\u00eete de Vitesses Manuelle (5) \u00a0EURO 4 [&#8230;]<\/p>\n","protected":false},"featured_media":257,"template":"","meta":[],"product_cat":[23],"product_tag":[31],"_links":{"self":[{"href":"https:\/\/sitiarentacar.gr\/fr\/wp-json\/wp\/v2\/product\/256"}],"collection":[{"href":"https:\/\/sitiarentacar.gr\/fr\/wp-json\/wp\/v2\/product"}],"about":[{"href":"https:\/\/sitiarentacar.gr\/fr\/wp-json\/wp\/v2\/types\/product"}],"wp:featuredmedia":[{"embeddable":true,"href":"https:\/\/sitiarentacar.gr\/fr\/wp-json\/wp\/v2\/media\/257"}],"wp:attachment":[{"href":"https:\/\/sitiarentacar.gr\/fr\/wp-json\/wp\/v2\/media?parent=256"}],"wp:term":[{"taxonomy":"product_cat","embeddable":true,"href":"https:\/\/sitiarentacar.gr\/fr\/wp-json\/wp\/v2\/product_cat?post=256"},{"taxonomy":"product_tag","embeddable":true,"href":"https:\/\/sitiarentacar.gr\/fr\/wp-json\/wp\/v2\/product_tag?post=256"}],"curies":[{"name":"wp","href":"https:\/\/api.w.org\/{rel}","templated":true}]}}