{"id":252,"date":"2018-11-15T12:07:54","date_gmt":"2018-11-15T09:07:54","guid":{"rendered":"https:\/\/second.sitiarentacar.gr\/fr\/?post_type=product&#038;p=252"},"modified":"2025-11-16T17:13:46","modified_gmt":"2025-11-16T15:13:46","slug":"hyundai-accent","status":"publish","type":"product","link":"https:\/\/sitiarentacar.gr\/fr\/boutique\/categorie-d\/hyundai-accent\/","title":{"rendered":"HYUNDAI ACCENT"},"content":{"rendered":"","protected":false},"excerpt":{"rendered":"<p>92\u20ac \/ 2 jours 288\u20ac \/ 1 sem. 502\u20ac \/ 2 sem. Pour\u00a0facturation d\u00e9taill\u00e9e par p\u00e9riode cliquez ici 5 Passagers Essence Sans Plomb 5\u00a0Portes 5,1lt\/100Km 1399 cc Clima Bo\u00eete de Vitesses Manuelle (5) \u00a0EURO 4 [&#8230;]<\/p>\n","protected":false},"featured_media":399,"template":"","meta":[],"product_cat":[22],"product_tag":[28],"_links":{"self":[{"href":"https:\/\/sitiarentacar.gr\/fr\/wp-json\/wp\/v2\/product\/252"}],"collection":[{"href":"https:\/\/sitiarentacar.gr\/fr\/wp-json\/wp\/v2\/product"}],"about":[{"href":"https:\/\/sitiarentacar.gr\/fr\/wp-json\/wp\/v2\/types\/product"}],"wp:featuredmedia":[{"embeddable":true,"href":"https:\/\/sitiarentacar.gr\/fr\/wp-json\/wp\/v2\/media\/399"}],"wp:attachment":[{"href":"https:\/\/sitiarentacar.gr\/fr\/wp-json\/wp\/v2\/media?parent=252"}],"wp:term":[{"taxonomy":"product_cat","embeddable":true,"href":"https:\/\/sitiarentacar.gr\/fr\/wp-json\/wp\/v2\/product_cat?post=252"},{"taxonomy":"product_tag","embeddable":true,"href":"https:\/\/sitiarentacar.gr\/fr\/wp-json\/wp\/v2\/product_tag?post=252"}],"curies":[{"name":"wp","href":"https:\/\/api.w.org\/{rel}","templated":true}]}}