{"id":249,"date":"2018-11-15T11:31:46","date_gmt":"2018-11-15T08:31:46","guid":{"rendered":"https:\/\/second.sitiarentacar.gr\/fr\/?post_type=product&#038;p=249"},"modified":"2025-11-16T16:59:36","modified_gmt":"2025-11-16T14:59:36","slug":"toyota-yaris","status":"publish","type":"product","link":"https:\/\/sitiarentacar.gr\/fr\/boutique\/categorie-c\/toyota-yaris\/","title":{"rendered":"TOYOTA YARIS"},"content":{"rendered":"","protected":false},"excerpt":{"rendered":"<p>84\u20ac \/ 2 jours 263\u20ac \/ 1 sem. 459\u20ac \/ 2 sem. Pour\u00a0facturation d\u00e9taill\u00e9e par p\u00e9riode cliquez ici 5 Passagers Essence Sans Plomb 5\u00a0Portes 4,5lt\/100Km 1329 cc Clima Bo\u00eete de Vitesses Manuelle (6) \u00a0EURO 5 [&#8230;]<\/p>\n","protected":false},"featured_media":380,"template":"","meta":[],"product_cat":[21],"product_tag":[30],"_links":{"self":[{"href":"https:\/\/sitiarentacar.gr\/fr\/wp-json\/wp\/v2\/product\/249"}],"collection":[{"href":"https:\/\/sitiarentacar.gr\/fr\/wp-json\/wp\/v2\/product"}],"about":[{"href":"https:\/\/sitiarentacar.gr\/fr\/wp-json\/wp\/v2\/types\/product"}],"wp:featuredmedia":[{"embeddable":true,"href":"https:\/\/sitiarentacar.gr\/fr\/wp-json\/wp\/v2\/media\/380"}],"wp:attachment":[{"href":"https:\/\/sitiarentacar.gr\/fr\/wp-json\/wp\/v2\/media?parent=249"}],"wp:term":[{"taxonomy":"product_cat","embeddable":true,"href":"https:\/\/sitiarentacar.gr\/fr\/wp-json\/wp\/v2\/product_cat?post=249"},{"taxonomy":"product_tag","embeddable":true,"href":"https:\/\/sitiarentacar.gr\/fr\/wp-json\/wp\/v2\/product_tag?post=249"}],"curies":[{"name":"wp","href":"https:\/\/api.w.org\/{rel}","templated":true}]}}