{"id":247,"date":"2018-11-15T11:29:27","date_gmt":"2018-11-15T08:29:27","guid":{"rendered":"https:\/\/second.sitiarentacar.gr\/fr\/?post_type=product&#038;p=247"},"modified":"2025-11-16T17:00:36","modified_gmt":"2025-11-16T15:00:36","slug":"seat-ibiza-tdi","status":"publish","type":"product","link":"https:\/\/sitiarentacar.gr\/fr\/boutique\/categorie-c\/seat-ibiza-tdi\/","title":{"rendered":"HYUNDAI i20 CRDi (DIESEL)"},"content":{"rendered":"","protected":false},"excerpt":{"rendered":"<p>83\u20ac \/ 2 jours 263\u20ac \/ 1 sem. 459\u20ac \/ 2 sem. Pour\u00a0facturation d\u00e9taill\u00e9e par p\u00e9riode cliquez ici 5 Passagers Diesel 5\u00a0Portes 3,3lt\/100Km 1199 cc Clima Bo\u00eete de Vitesses Manuelle (6) \u00a0EURO 5 Formulaire de [&#8230;]<\/p>\n","protected":false},"featured_media":389,"template":"","meta":[],"product_cat":[21],"product_tag":[30],"_links":{"self":[{"href":"https:\/\/sitiarentacar.gr\/fr\/wp-json\/wp\/v2\/product\/247"}],"collection":[{"href":"https:\/\/sitiarentacar.gr\/fr\/wp-json\/wp\/v2\/product"}],"about":[{"href":"https:\/\/sitiarentacar.gr\/fr\/wp-json\/wp\/v2\/types\/product"}],"wp:featuredmedia":[{"embeddable":true,"href":"https:\/\/sitiarentacar.gr\/fr\/wp-json\/wp\/v2\/media\/389"}],"wp:attachment":[{"href":"https:\/\/sitiarentacar.gr\/fr\/wp-json\/wp\/v2\/media?parent=247"}],"wp:term":[{"taxonomy":"product_cat","embeddable":true,"href":"https:\/\/sitiarentacar.gr\/fr\/wp-json\/wp\/v2\/product_cat?post=247"},{"taxonomy":"product_tag","embeddable":true,"href":"https:\/\/sitiarentacar.gr\/fr\/wp-json\/wp\/v2\/product_tag?post=247"}],"curies":[{"name":"wp","href":"https:\/\/api.w.org\/{rel}","templated":true}]}}