{"id":244,"date":"2018-11-15T11:27:24","date_gmt":"2018-11-15T08:27:24","guid":{"rendered":"https:\/\/second.sitiarentacar.gr\/fr\/?post_type=product&#038;p=244"},"modified":"2025-11-16T17:01:33","modified_gmt":"2025-11-16T15:01:33","slug":"seat-ibiza","status":"publish","type":"product","link":"https:\/\/sitiarentacar.gr\/fr\/boutique\/categorie-c\/seat-ibiza\/","title":{"rendered":"SEAT IBIZA TSI"},"content":{"rendered":"","protected":false},"excerpt":{"rendered":"<p>83\u20ac \/ 2 jours 263\u20ac \/ 1 sem. 459\u20ac \/ 2 sem. Pour\u00a0facturation d\u00e9taill\u00e9e par p\u00e9riode cliquez ici 5 Passagers Essence Sans Plomb 5\u00a0Portes \u00a04,4lt\/100Km 1198 cc Clima Bo\u00eete de Vitesses Manuelle (5) \u00a0EURO 5 [&#8230;]<\/p>\n","protected":false},"featured_media":246,"template":"","meta":[],"product_cat":[21],"product_tag":[30],"_links":{"self":[{"href":"https:\/\/sitiarentacar.gr\/fr\/wp-json\/wp\/v2\/product\/244"}],"collection":[{"href":"https:\/\/sitiarentacar.gr\/fr\/wp-json\/wp\/v2\/product"}],"about":[{"href":"https:\/\/sitiarentacar.gr\/fr\/wp-json\/wp\/v2\/types\/product"}],"wp:featuredmedia":[{"embeddable":true,"href":"https:\/\/sitiarentacar.gr\/fr\/wp-json\/wp\/v2\/media\/246"}],"wp:attachment":[{"href":"https:\/\/sitiarentacar.gr\/fr\/wp-json\/wp\/v2\/media?parent=244"}],"wp:term":[{"taxonomy":"product_cat","embeddable":true,"href":"https:\/\/sitiarentacar.gr\/fr\/wp-json\/wp\/v2\/product_cat?post=244"},{"taxonomy":"product_tag","embeddable":true,"href":"https:\/\/sitiarentacar.gr\/fr\/wp-json\/wp\/v2\/product_tag?post=244"}],"curies":[{"name":"wp","href":"https:\/\/api.w.org\/{rel}","templated":true}]}}