{"id":238,"date":"2018-11-15T10:35:34","date_gmt":"2018-11-15T07:35:34","guid":{"rendered":"https:\/\/second.sitiarentacar.gr\/fr\/?post_type=product&#038;p=238"},"modified":"2025-11-16T17:04:40","modified_gmt":"2025-11-16T15:04:40","slug":"fiat-panda","status":"publish","type":"product","link":"https:\/\/sitiarentacar.gr\/fr\/boutique\/categorie-b\/fiat-panda\/","title":{"rendered":"FIAT PANDA"},"content":{"rendered":"","protected":false},"excerpt":{"rendered":"<p>73\u20ac \/ 2 jours 232\u20ac \/ 1 sem. 402\u20ac \/ 2 sem. Pour\u00a0facturation d\u00e9taill\u00e9e par p\u00e9riode cliquez ici 4 Passagers Essence Sans Plomb 5\u00a0Portes \u00a04,0lt\/100Km 1242 cc Clima Bo\u00eete de Vitesses Manuelle (5) \u00a0EURO 5 [&#8230;]<\/p>\n","protected":false},"featured_media":394,"template":"","meta":[],"product_cat":[20],"product_tag":[27],"_links":{"self":[{"href":"https:\/\/sitiarentacar.gr\/fr\/wp-json\/wp\/v2\/product\/238"}],"collection":[{"href":"https:\/\/sitiarentacar.gr\/fr\/wp-json\/wp\/v2\/product"}],"about":[{"href":"https:\/\/sitiarentacar.gr\/fr\/wp-json\/wp\/v2\/types\/product"}],"wp:featuredmedia":[{"embeddable":true,"href":"https:\/\/sitiarentacar.gr\/fr\/wp-json\/wp\/v2\/media\/394"}],"wp:attachment":[{"href":"https:\/\/sitiarentacar.gr\/fr\/wp-json\/wp\/v2\/media?parent=238"}],"wp:term":[{"taxonomy":"product_cat","embeddable":true,"href":"https:\/\/sitiarentacar.gr\/fr\/wp-json\/wp\/v2\/product_cat?post=238"},{"taxonomy":"product_tag","embeddable":true,"href":"https:\/\/sitiarentacar.gr\/fr\/wp-json\/wp\/v2\/product_tag?post=238"}],"curies":[{"name":"wp","href":"https:\/\/api.w.org\/{rel}","templated":true}]}}