{"id":202,"date":"2018-11-09T13:05:19","date_gmt":"2018-11-09T10:05:19","guid":{"rendered":"https:\/\/second.sitiarentacar.gr\/fr\/?page_id=202"},"modified":"2025-11-16T15:48:24","modified_gmt":"2025-11-16T13:48:24","slug":"facturation-detaillee","status":"publish","type":"page","link":"https:\/\/sitiarentacar.gr\/fr\/facturation-detaillee\/","title":{"rendered":"Facturation D\u00e9taill\u00e9e"},"content":{"rendered":"<h3><strong>Basse saison (1\/11-15\/4)<\/strong><\/h3>\n<div id=\"low_season\" class=\"clearfix\" style=\"display: block; position: relative; margin: 1em auto; padding: .25em; width: auto; text-align: center;\">\n<table class=\"pricing_table_low\">\n<tbody>\n<tr>\n<th><i class=\"fa fa-calendar fa-lg\"><\/i>   JOURS<\/th>\n<th><i class=\"fa fa-car fa-lg\"><\/i> CAT\u00c9GORIE (A)<\/th>\n<th><i class=\"fa fa-car fa-lg\"><\/i> CAT\u00c9GORIE (B)<\/th>\n<th><i class=\"fa fa-car fa-lg\"><\/i> CAT\u00c9GORIE (C)<\/th>\n<\/tr>\n<tr>\n<td>2<\/td>\n<td>65.00 \u20ac<\/td>\n<td>73.00 \u20ac<\/td>\n<td>84.00 \u20ac<\/td>\n<\/tr>\n<tr>\n<td>3<\/td>\n<td>95.00 \u20ac<\/td>\n<td>108.00 \u20ac<\/td>\n<td>122.00 \u20ac<\/td>\n<\/tr>\n<tr>\n<td>4<\/td>\n<td>125.00 \u20ac<\/td>\n<td>139.00 \u20ac<\/td>\n<td>160.00 \u20ac<\/td>\n<\/tr>\n<tr>\n<td>5<\/td>\n<td>153.00 \u20ac<\/td>\n<td>172.00 \u20ac<\/td>\n<td>197.00 \u20ac<\/td>\n<\/tr>\n<tr>\n<td>6<\/td>\n<td>181.00 \u20ac<\/td>\n<td>202.00 \u20ac<\/td>\n<td>232.00 \u20ac<\/td>\n<\/tr>\n<tr>\n<td>7<\/td>\n<td>206.00 \u20ac<\/td>\n<td>232.00 \u20ac<\/td>\n<td>263.00 \u20ac<\/td>\n<\/tr>\n<tr>\n<td>8<\/td>\n<td>232.00 \u20ac<\/td>\n<td>258.00 \u20ac<\/td>\n<td>296.00 \u20ac<\/td>\n<\/tr>\n<tr>\n<td>9<\/td>\n<td>254.00 \u20ac<\/td>\n<td>285.00 \u20ac<\/td>\n<td>326.00 \u20ac<\/td>\n<\/tr>\n<tr>\n<td>10<\/td>\n<td>277.00 \u20ac<\/td>\n<td>309.00 \u20ac<\/td>\n<td>356.00 \u20ac<\/td>\n<\/tr>\n<tr>\n<td>11<\/td>\n<td>299.00 \u20ac<\/td>\n<td>335.00 \u20ac<\/td>\n<td>384.00 \u20ac<\/td>\n<\/tr>\n<tr>\n<td>12<\/td>\n<td>320.00 \u20ac<\/td>\n<td>359.00 \u20ac<\/td>\n<td>409.00 \u20ac<\/td>\n<\/tr>\n<tr>\n<td>13<\/td>\n<td>340.00 \u20ac<\/td>\n<td>381.00 \u20ac<\/td>\n<td>433.00 \u20ac<\/td>\n<\/tr>\n<tr>\n<td>14<\/td>\n<td>358.00 \u20ac<\/td>\n<td>402.00 \u20ac<\/td>\n<td>459.00 \u20ac<\/td>\n<\/tr>\n<tr>\n<td>15<\/td>\n<td>377.00 \u20ac<\/td>\n<td>422.00 \u20ac<\/td>\n<td>482.00 \u20ac<\/td>\n<\/tr>\n<\/tbody>\n<\/table>\n<h3 style=\"text-align: center;\"><strong>Pour plus de 15 jours, appelez-nous au:<\/strong><br \/>\n<a href=\"tel:+306977245159\"><i class=\"fa fa-mobile fa-lg\"><\/i>+306977245159<\/a> \/\/ <a href=\"tel:+302843026860\"><i class=\"fa fa-phone fa-lg\"><\/i>+302843026860<\/a><\/h3>\n<\/div>\n<div class=\"clearfix\" style=\"display: block; position: relative; margin: 1em auto; padding: .25em; width: auto; text-align: center;\">\n<table class=\"pricing_table_low\">\n<tbody>\n<tr>\n<th><i class=\"fa fa-calendar fa-lg\"><\/i>   JOURS<\/th>\n<th><i class=\"fa fa-car fa-lg\"><\/i> CAT\u00c9GORIE (D)<\/th>\n<th><i class=\"fa fa-car fa-lg\"><\/i> CAT\u00c9GORIE (JP) JIMNY<\/th>\n<th><i class=\"fa fa-car fa-lg\"><\/i> CAT\u00c9GORIE (JP) TERIOS<\/th>\n<\/tr>\n<tr>\n<td>2<\/td>\n<td>92.00 \u20ac<\/td>\n<td>103.00 \u20ac<\/td>\n<td>125.00 \u20ac<\/td>\n<\/tr>\n<tr>\n<td>3<\/td>\n<td>135.00 \u20ac<\/td>\n<td>153.00 \u20ac<\/td>\n<td>183.00 \u20ac<\/td>\n<\/tr>\n<tr>\n<td>4<\/td>\n<td>175.00 \u20ac<\/td>\n<td>201.00 \u20ac<\/td>\n<td>241.00 \u20ac<\/td>\n<\/tr>\n<tr>\n<td>5<\/td>\n<td>215.00 \u20ac<\/td>\n<td>245.00 \u20ac<\/td>\n<td>295.00 \u20ac<\/td>\n<\/tr>\n<tr>\n<td>6<\/td>\n<td>253.00 \u20ac<\/td>\n<td>289.00 \u20ac<\/td>\n<td>347.00 \u20ac<\/td>\n<\/tr>\n<tr>\n<td>7<\/td>\n<td>289.00 \u20ac<\/td>\n<td>330.00 \u20ac<\/td>\n<td>397.00 \u20ac<\/td>\n<\/tr>\n<tr>\n<td>8<\/td>\n<td>324.00 \u20ac<\/td>\n<td>370.00 \u20ac<\/td>\n<td>443.00 \u20ac<\/td>\n<\/tr>\n<tr>\n<td>9<\/td>\n<td>357.00 \u20ac<\/td>\n<td>407.00 \u20ac<\/td>\n<td>491.00 \u20ac<\/td>\n<\/tr>\n<tr>\n<td>10<\/td>\n<td>388.00 \u20ac<\/td>\n<td>443.00 \u20ac<\/td>\n<td>534.00 \u20ac<\/td>\n<\/tr>\n<tr>\n<td>11<\/td>\n<td>420.00 \u20ac<\/td>\n<td>480.00 \u20ac<\/td>\n<td>574.00 \u20ac<\/td>\n<\/tr>\n<tr>\n<td>12<\/td>\n<td>448.00 \u20ac<\/td>\n<td>507.00 \u20ac<\/td>\n<td>615.00 \u20ac<\/td>\n<\/tr>\n<tr>\n<td>13<\/td>\n<td>475.00 \u20ac<\/td>\n<td>544.00 \u20ac<\/td>\n<td>653.00 \u20ac<\/td>\n<\/tr>\n<tr>\n<td>14<\/td>\n<td>502.00 \u20ac<\/td>\n<td>574.00 \u20ac<\/td>\n<td>688.00 \u20ac<\/td>\n<\/tr>\n<tr>\n<td>15<\/td>\n<td>528.00 \u20ac<\/td>\n<td>602.00 \u20ac<\/td>\n<td>724.00 \u20ac<\/td>\n<\/tr>\n<\/tbody>\n<\/table>\n<h3 style=\"text-align: center;\"><strong>Pour plus de 15 jours, appelez-nous au:<\/strong><br \/>\n<a href=\"tel:+306977245159\"><i class=\"fa fa-mobile fa-lg\"><\/i>+306977245159<\/a> \/\/ <a href=\"tel:+302843026860\"><i class=\"fa fa-phone fa-lg\"><\/i>+302843026860<\/a><\/h3>\n<\/div>\n<p><!--------------------------------- MEDIUM SEASON ------------------------------------------><\/p>\n<h3><strong>Moyenne saison (16\/4-30\/6 &#038; 16\/9-31\/10)<\/strong><\/h3>\n<div id=\"medium_season\" class=\"clearfix\" style=\"display: block; position: relative; margin: 1em auto; padding: .25em; width: auto; text-align: center;\">\n<table class=\"pricing_table_medium\">\n<tbody>\n<tr>\n<th><i class=\"fa fa-calendar fa-lg\"><\/i>   JOURS<\/th>\n<th><i class=\"fa fa-car fa-lg\"><\/i> CAT\u00c9GORIE (A)<\/th>\n<th><i class=\"fa fa-car fa-lg\"><\/i> CAT\u00c9GORIE (B)<\/th>\n<th><i class=\"fa fa-car fa-lg\"><\/i> CAT\u00c9GORIE (C)<\/th>\n<\/tr>\n<tr>\n<td>2<\/td>\n<td>78.00 \u20ac<\/td>\n<td>86.00 \u20ac<\/td>\n<td>96.00 \u20ac<\/td>\n<\/tr>\n<tr>\n<td>3<\/td>\n<td>114.00 \u20ac<\/td>\n<td>126.00 \u20ac<\/td>\n<td>143.00 \u20ac<\/td>\n<\/tr>\n<tr>\n<td>4<\/td>\n<td>150.00 \u20ac<\/td>\n<td>164.00 \u20ac<\/td>\n<td>184.00 \u20ac<\/td>\n<\/tr>\n<tr>\n<td>5<\/td>\n<td>183.00 \u20ac<\/td>\n<td>202.00 \u20ac<\/td>\n<td>227.00 \u20ac<\/td>\n<\/tr>\n<tr>\n<td>6<\/td>\n<td>217.00 \u20ac<\/td>\n<td>238.00 \u20ac<\/td>\n<td>268.00 \u20ac<\/td>\n<\/tr>\n<tr>\n<td>7<\/td>\n<td>247.00 \u20ac<\/td>\n<td>272.00 \u20ac<\/td>\n<td>305.00 \u20ac<\/td>\n<\/tr>\n<tr>\n<td>8<\/td>\n<td>277.00 \u20ac<\/td>\n<td>305.00 \u20ac<\/td>\n<td>342.00 \u20ac<\/td>\n<\/tr>\n<tr>\n<td>9<\/td>\n<td>306.00 \u20ac<\/td>\n<td>336.00 \u20ac<\/td>\n<td>377.00 \u20ac<\/td>\n<\/tr>\n<tr>\n<td>10<\/td>\n<td>333.00 \u20ac<\/td>\n<td>366.00 \u20ac<\/td>\n<td>410.00 \u20ac<\/td>\n<\/tr>\n<tr>\n<td>11<\/td>\n<td>360.00 \u20ac<\/td>\n<td>395.00 \u20ac<\/td>\n<td>443.00 \u20ac<\/td>\n<\/tr>\n<tr>\n<td>12<\/td>\n<td>384.00 \u20ac<\/td>\n<td>422.00 \u20ac<\/td>\n<td>474.00 \u20ac<\/td>\n<\/tr>\n<tr>\n<td>13<\/td>\n<td>407.00 \u20ac<\/td>\n<td>448.00 \u20ac<\/td>\n<td>501.00 \u20ac<\/td>\n<\/tr>\n<tr>\n<td>14<\/td>\n<td>430.00 \u20ac<\/td>\n<td>473.00 \u20ac<\/td>\n<td>530.00 \u20ac<\/td>\n<\/tr>\n<tr>\n<td>15<\/td>\n<td>451.00 \u20ac<\/td>\n<td>496.00 \u20ac<\/td>\n<td>557.00 \u20ac<\/td>\n<\/tr>\n<\/tbody>\n<\/table>\n<h3 style=\"text-align: center;\"><strong>Pour plus de 15 jours, appelez-nous au:<\/strong><br \/>\n<a href=\"tel:+306977245159\"><i class=\"fa fa-mobile fa-lg\"><\/i>+306977245159<\/a> \/\/ <a href=\"tel:+302843026860\"><i class=\"fa fa-phone fa-lg\"><\/i>+302843026860<\/a><\/h3>\n<\/div>\n<div class=\"clearfix\" style=\"display: block; position: relative; margin: 1em auto; padding: .25em; width: auto; text-align: center;\">\n<table class=\"pricing_table_medium\">\n<tbody>\n<tr>\n<th><i class=\"fa fa-calendar fa-lg\"><\/i>   JOURS<\/th>\n<th><i class=\"fa fa-car fa-lg\"><\/i> CAT\u00c9GORIE (D)<\/th>\n<th><i class=\"fa fa-car fa-lg\"><\/i> CAT\u00c9GORIE (JP) JIMNY<\/th>\n<th><i class=\"fa fa-car fa-lg\"><\/i> CAT\u00c9GORIE (JP) TERIOS<\/th>\n<\/tr>\n<tr>\n<td>2<\/td>\n<td>103.00 \u20ac<\/td>\n<td>117.00 \u20ac<\/td>\n<td>144.00 \u20ac<\/td>\n<\/tr>\n<tr>\n<td>3<\/td>\n<td>154.00 \u20ac<\/td>\n<td>173.00 \u20ac<\/td>\n<td>210.00 \u20ac<\/td>\n<\/tr>\n<tr>\n<td>4<\/td>\n<td>200.00 \u20ac<\/td>\n<td>225.00 \u20ac<\/td>\n<td>276.00 \u20ac<\/td>\n<\/tr>\n<tr>\n<td>5<\/td>\n<td>245.00 \u20ac<\/td>\n<td>277.00 \u20ac<\/td>\n<td>339.00 \u20ac<\/td>\n<\/tr>\n<tr>\n<td>6<\/td>\n<td>289.00 \u20ac<\/td>\n<td>325.00 \u20ac<\/td>\n<td>397.00 \u20ac<\/td>\n<\/tr>\n<tr>\n<td>7<\/td>\n<td>331.00 \u20ac<\/td>\n<td>371.00 \u20ac<\/td>\n<td>454.00 \u20ac<\/td>\n<\/tr>\n<tr>\n<td>8<\/td>\n<td>370.00 \u20ac<\/td>\n<td>416.00 \u20ac<\/td>\n<td>509.00 \u20ac<\/td>\n<\/tr>\n<tr>\n<td>9<\/td>\n<td>407.00 \u20ac<\/td>\n<td>459.00 \u20ac<\/td>\n<td>561.00 \u20ac<\/td>\n<\/tr>\n<tr>\n<td>10<\/td>\n<td>443.00 \u20ac<\/td>\n<td>500.00 \u20ac<\/td>\n<td>611.00 \u20ac<\/td>\n<\/tr>\n<tr>\n<td>11<\/td>\n<td>480.00 \u20ac<\/td>\n<td>538.00 \u20ac<\/td>\n<td>659.00 \u20ac<\/td>\n<\/tr>\n<tr>\n<td>12<\/td>\n<td>512.00 \u20ac<\/td>\n<td>575.00 \u20ac<\/td>\n<td>704.00 \u20ac<\/td>\n<\/tr>\n<tr>\n<td>13<\/td>\n<td>544.00 \u20ac<\/td>\n<td>611.00 \u20ac<\/td>\n<td>747.00 \u20ac<\/td>\n<\/tr>\n<tr>\n<td>14<\/td>\n<td>574.00 \u20ac<\/td>\n<td>645.00 \u20ac<\/td>\n<td>788.00 \u20ac<\/td>\n<\/tr>\n<tr>\n<td>15<\/td>\n<td>603.00 \u20ac<\/td>\n<td>678.00 \u20ac<\/td>\n<td>829.00 \u20ac<\/td>\n<\/tr>\n<\/tbody>\n<\/table>\n<h3 style=\"text-align: center;\"><strong>Pour plus de 15 jours, appelez-nous au:<\/strong><br \/>\n<a href=\"tel:+306977245159\"><i class=\"fa fa-mobile fa-lg\"><\/i>+306977245159<\/a> \/\/ <a href=\"tel:+302843026860\"><i class=\"fa fa-phone fa-lg\"><\/i>+302843026860<\/a><\/h3>\n<\/div>\n<p><!--------------------------------- HIGH SEASON ------------------------------------------><\/p>\n<h3><strong>Haute saison (1\/7-15\/9)<\/strong><\/h3>\n<div id=\"high_season\" class=\"clearfix\" style=\"display: block; position: relative; margin: 1em auto; padding: .25em; width: auto; text-align: center;\">\n<table class=\"pricing_table_high\">\n<tbody>\n<tr>\n<th><i class=\"fa fa-calendar fa-lg\"><\/i>   JOURS<\/th>\n<th><i class=\"fa fa-car fa-lg\"><\/i> CAT\u00c9GORIE (A)<\/th>\n<th><i class=\"fa fa-car fa-lg\"><\/i> CAT\u00c9GORIE (B)<\/th>\n<th><i class=\"fa fa-car fa-lg\"><\/i> CAT\u00c9GORIE (C)<\/th>\n<\/tr>\n<tr>\n<td>2<\/td>\n<td>109.00 \u20ac<\/td>\n<td>125.00 \u20ac<\/td>\n<td>139.00 \u20ac<\/td>\n<\/tr>\n<tr>\n<td>3<\/td>\n<td>161.00 \u20ac<\/td>\n<td>183.00 \u20ac<\/td>\n<td>203.00 \u20ac<\/td>\n<\/tr>\n<tr>\n<td>4<\/td>\n<td>210.00 \u20ac<\/td>\n<td>241.00 \u20ac<\/td>\n<td>266.00 \u20ac<\/td>\n<\/tr>\n<tr>\n<td>5<\/td>\n<td>258.00 \u20ac<\/td>\n<td>295.00 \u20ac<\/td>\n<td>325.00 \u20ac<\/td>\n<\/tr>\n<tr>\n<td>6<\/td>\n<td>304.00 \u20ac<\/td>\n<td>348.00 \u20ac<\/td>\n<td>384.00 \u20ac<\/td>\n<\/tr>\n<tr>\n<td>7<\/td>\n<td>348.00 \u20ac<\/td>\n<td>397.00 \u20ac<\/td>\n<td>437.00 \u20ac<\/td>\n<\/tr>\n<tr>\n<td>8<\/td>\n<td>388.00 \u20ac<\/td>\n<td>443.00 \u20ac<\/td>\n<td>490.00 \u20ac<\/td>\n<\/tr>\n<tr>\n<td>9<\/td>\n<td>429.00 \u20ac<\/td>\n<td>490.00 \u20ac<\/td>\n<td>541.00 \u20ac<\/td>\n<\/tr>\n<tr>\n<td>10<\/td>\n<td>466.00 \u20ac<\/td>\n<td>533.00 \u20ac<\/td>\n<td>589.00 \u20ac<\/td>\n<\/tr>\n<tr>\n<td>11<\/td>\n<td>502.00 \u20ac<\/td>\n<td>573.00 \u20ac<\/td>\n<td>633.00 \u20ac<\/td>\n<\/tr>\n<tr>\n<td>12<\/td>\n<td>538.00 \u20ac<\/td>\n<td>619.00 \u20ac<\/td>\n<td>678.00 \u20ac<\/td>\n<\/tr>\n<tr>\n<td>13<\/td>\n<td>574.00 \u20ac<\/td>\n<td>653.00 \u20ac<\/td>\n<td>719.00 \u20ac<\/td>\n<\/tr>\n<tr>\n<td>14<\/td>\n<td>603.00 \u20ac<\/td>\n<td>689.00 \u20ac<\/td>\n<td>1135.00 \u20ac<\/td>\n<\/tr>\n<tr>\n<td>15<\/td>\n<td>634.00 \u20ac<\/td>\n<td>955.00 \u20ac<\/td>\n<td>1189.00 \u20ac<\/td>\n<\/tr>\n<\/tbody>\n<\/table>\n<h3 style=\"text-align: center;\"><strong>Pour plus de 15 jours, appelez-nous au:<\/strong><br \/>\n<a href=\"tel:+306977245159\"><i class=\"fa fa-mobile fa-lg\"><\/i>+306977245159<\/a> \/\/ <a href=\"tel:+302843026860\"><i class=\"fa fa-phone fa-lg\"><\/i>+302843026860<\/a><\/h3>\n<\/div>\n<div class=\"clearfix\" style=\"display: block; position: relative; margin: 1em auto; padding: .25em; width: auto; text-align: center;\">\n<table class=\"pricing_table_high\">\n<tbody>\n<tr>\n<th><i class=\"fa fa-calendar fa-lg\"><\/i>   JOURS<\/th>\n<th><i class=\"fa fa-car fa-lg\"><\/i> CAT\u00c9GORIE (D)<\/th>\n<th><i class=\"fa fa-car fa-lg\"><\/i> CAT\u00c9GORIE (JP) JIMNY<\/th>\n<th><i class=\"fa fa-car fa-lg\"><\/i> CAT\u00c9GORIE (JP) TERIOS<\/th>\n<\/tr>\n<tr>\n<td>2<\/td>\n<td>152.00 \u20ac<\/td>\n<td>163.00 \u20ac<\/td>\n<td>206.00 \u20ac<\/td>\n<\/tr>\n<tr>\n<td>3<\/td>\n<td>223.00 \u20ac<\/td>\n<td>242.00 \u20ac<\/td>\n<td>304.00 \u20ac<\/td>\n<\/tr>\n<tr>\n<td>4<\/td>\n<td>290.00 \u20ac<\/td>\n<td>315.00 \u20ac<\/td>\n<td>396.00 \u20ac<\/td>\n<\/tr>\n<tr>\n<td>5<\/td>\n<td>356.00 \u20ac<\/td>\n<td>387.00 \u20ac<\/td>\n<td>485.00 \u20ac<\/td>\n<\/tr>\n<tr>\n<td>6<\/td>\n<td>420.00 \u20ac<\/td>\n<td>456.00 \u20ac<\/td>\n<td>570.00 \u20ac<\/td>\n<\/tr>\n<tr>\n<td>7<\/td>\n<td>480.00 \u20ac<\/td>\n<td>522.00 \u20ac<\/td>\n<td>652.00 \u20ac<\/td>\n<\/tr>\n<tr>\n<td>8<\/td>\n<td>537.00 \u20ac<\/td>\n<td>584.00 \u20ac<\/td>\n<td>732.00 \u20ac<\/td>\n<\/tr>\n<tr>\n<td>9<\/td>\n<td>592.00 \u20ac<\/td>\n<td>642.00 \u20ac<\/td>\n<td>806.00 \u20ac<\/td>\n<\/tr>\n<tr>\n<td>10<\/td>\n<td>645.00 \u20ac<\/td>\n<td>700.00 \u20ac<\/td>\n<td>879.00 \u20ac<\/td>\n<\/tr>\n<tr>\n<td>11<\/td>\n<td>696.00 \u20ac<\/td>\n<td>755.00 \u20ac<\/td>\n<td>946.00 \u20ac<\/td>\n<\/tr>\n<tr>\n<td>12<\/td>\n<td>742.00 \u20ac<\/td>\n<td>806.00 \u20ac<\/td>\n<td>1011.00 \u20ac<\/td>\n<\/tr>\n<tr>\n<td>13<\/td>\n<td>789.00 \u20ac<\/td>\n<td>858.00 \u20ac<\/td>\n<td>1075.00 \u20ac<\/td>\n<\/tr>\n<tr>\n<td>14<\/td>\n<td>832.00 \u20ac<\/td>\n<td>904.00 \u20ac<\/td>\n<td>1132.00 \u20ac<\/td>\n<\/tr>\n<tr>\n<td>15<\/td>\n<td>874.00 \u20ac<\/td>\n<td>948.00 \u20ac<\/td>\n<td>1189.00 \u20ac<\/td>\n<\/tr>\n<\/tbody>\n<\/table>\n<h3 style=\"text-align: center;\"><strong>Pour plus de 15 jours, appelez-nous au:<\/strong><br \/>\n<a href=\"tel:+306977245159\"><i class=\"fa fa-mobile fa-lg\"><\/i>+306977245159<\/a> \/\/ <a href=\"tel:+302843026860\"><i class=\"fa fa-phone fa-lg\"><\/i>+302843026860<\/a><\/h3>\n<\/div>\n","protected":false},"excerpt":{"rendered":"<p>Basse saison (1\/11-15\/4) JOURS CAT\u00c9GORIE (A) CAT\u00c9GORIE (B) CAT\u00c9GORIE (C) 2 65.00 \u20ac 73.00 \u20ac 84.00 \u20ac 3 95.00 \u20ac 108.00 \u20ac 122.00 \u20ac 4 125.00 \u20ac 139.00 \u20ac 160.00 \u20ac 5 153.00 \u20ac 172.00 [&#8230;]<\/p>\n","protected":false},"author":3,"featured_media":0,"parent":0,"menu_order":0,"comment_status":"closed","ping_status":"closed","template":"","meta":{"footnotes":""},"_links":{"self":[{"href":"https:\/\/sitiarentacar.gr\/fr\/wp-json\/wp\/v2\/pages\/202"}],"collection":[{"href":"https:\/\/sitiarentacar.gr\/fr\/wp-json\/wp\/v2\/pages"}],"about":[{"href":"https:\/\/sitiarentacar.gr\/fr\/wp-json\/wp\/v2\/types\/page"}],"author":[{"embeddable":true,"href":"https:\/\/sitiarentacar.gr\/fr\/wp-json\/wp\/v2\/users\/3"}],"replies":[{"embeddable":true,"href":"https:\/\/sitiarentacar.gr\/fr\/wp-json\/wp\/v2\/comments?post=202"}],"version-history":[{"count":23,"href":"https:\/\/sitiarentacar.gr\/fr\/wp-json\/wp\/v2\/pages\/202\/revisions"}],"predecessor-version":[{"id":434,"href":"https:\/\/sitiarentacar.gr\/fr\/wp-json\/wp\/v2\/pages\/202\/revisions\/434"}],"wp:attachment":[{"href":"https:\/\/sitiarentacar.gr\/fr\/wp-json\/wp\/v2\/media?parent=202"}],"curies":[{"name":"wp","href":"https:\/\/api.w.org\/{rel}","templated":true}]}}