{"id":19,"date":"2018-10-19T12:26:36","date_gmt":"2018-10-19T09:26:36","guid":{"rendered":"https:\/\/second.sitiarentacar.gr\/fr\/?page_id=19"},"modified":"2018-11-15T19:58:37","modified_gmt":"2018-11-15T16:58:37","slug":"reservations-de-voiture","status":"publish","type":"page","link":"https:\/\/sitiarentacar.gr\/fr\/reservations-de-voiture\/","title":{"rendered":"R\u00e9servations de Voiture"},"content":{"rendered":"<h3>Remplir le formulaire suivant pour une demande de r\u00e9servation de voiture S&rsquo;il vous pla\u00eet.<\/h3>\n<p>&nbsp;<\/p>\n\n<div class=\"wpcf7 no-js\" id=\"wpcf7-f4-o1\" lang=\"fr-FR\" dir=\"ltr\">\n<div class=\"screen-reader-response\"><p role=\"status\" aria-live=\"polite\" aria-atomic=\"true\"><\/p> <ul><\/ul><\/div>\n<form action=\"\/fr\/wp-json\/wp\/v2\/pages\/19#wpcf7-f4-o1\" method=\"post\" class=\"wpcf7-form init\" aria-label=\"Formulaire de contact\" novalidate=\"novalidate\" data-status=\"init\">\n<div style=\"display: none;\">\n<input type=\"hidden\" name=\"_wpcf7\" value=\"4\" \/>\n<input type=\"hidden\" name=\"_wpcf7_version\" value=\"5.8.6\" \/>\n<input type=\"hidden\" name=\"_wpcf7_locale\" value=\"fr_FR\" \/>\n<input type=\"hidden\" name=\"_wpcf7_unit_tag\" value=\"wpcf7-f4-o1\" \/>\n<input type=\"hidden\" name=\"_wpcf7_container_post\" value=\"0\" \/>\n<input type=\"hidden\" name=\"_wpcf7_posted_data_hash\" value=\"\" \/>\n<input type=\"hidden\" name=\"_wpcf7_recaptcha_response\" value=\"\" \/>\n<\/div>\n<h4><strong>Identifiant du conducteur<\/strong>\n<\/h4>\n<div class=\"clearfix\" style=\"border-top:3px double #000000;\">\n\t<div class=\"col-1_2\">\n\t\t<p><label> Pr\u00e9nom (Requis)<br \/>\n<span class=\"wpcf7-form-control-wrap\" data-name=\"your-name\"><input size=\"40\" class=\"wpcf7-form-control wpcf7-text wpcf7-validates-as-required\" aria-required=\"true\" aria-invalid=\"false\" value=\"\" type=\"text\" name=\"your-name\" \/><\/span> <\/label>\n\t\t<\/p>\n\t<\/div>\n\t<div class=\"col-1_2\">\n\t\t<p><label> Nom de famille (Requis)<br \/>\n<span class=\"wpcf7-form-control-wrap\" data-name=\"your-surname\"><input size=\"40\" class=\"wpcf7-form-control wpcf7-text wpcf7-validates-as-required\" aria-required=\"true\" aria-invalid=\"false\" value=\"\" type=\"text\" name=\"your-surname\" \/><\/span> <\/label>\n\t\t<\/p>\n\t<\/div>\n\t<div class=\"col-1_2\">\n\t\t<p><label> T\u00e9l\u00e9phone<br \/>\n<span class=\"wpcf7-form-control-wrap\" data-name=\"tel-771\"><input size=\"40\" class=\"wpcf7-form-control wpcf7-tel wpcf7-text wpcf7-validates-as-tel\" aria-invalid=\"false\" value=\"\" type=\"tel\" name=\"tel-771\" \/><\/span> <\/label>\n\t\t<\/p>\n\t<\/div>\n\t<div class=\"col-1_2\">\n\t\t<p><label> E-mail (Requis)<br \/>\n<span class=\"wpcf7-form-control-wrap\" data-name=\"your-email\"><input size=\"40\" class=\"wpcf7-form-control wpcf7-email wpcf7-validates-as-required wpcf7-text wpcf7-validates-as-email\" aria-required=\"true\" aria-invalid=\"false\" value=\"\" type=\"email\" name=\"your-email\" \/><\/span> <\/label>\n\t\t<\/p>\n\t<\/div>\n<\/div>\n<h4><strong>Livraison - R\u00e9ception<\/strong>\n<\/h4>\n<div class=\"clearfix\" style=\"border-top:3px double #000000;\">\n\t<div class=\"col-1_2\">\n\t\t<p><label> Date de r\u00e9ception (Requis)<br \/>\n<span class=\"wpcf7-form-control-wrap\" data-name=\"date-421\"><input class=\"wpcf7-form-control wpcf7-date wpcf7-validates-as-required wpcf7-validates-as-date\" aria-required=\"true\" aria-invalid=\"false\" value=\"\" type=\"date\" name=\"date-421\" \/><\/span> <\/label>\n\t\t<\/p>\n\t<\/div>\n\t<div class=\"col-1_2\">\n\t\t<p><label> Date de livraison (Requis)<br \/>\n<span class=\"wpcf7-form-control-wrap\" data-name=\"date-669\"><input class=\"wpcf7-form-control wpcf7-date wpcf7-validates-as-required wpcf7-validates-as-date\" aria-required=\"true\" aria-invalid=\"false\" value=\"\" type=\"date\" name=\"date-669\" \/><\/span> <\/label>\n\t\t<\/p>\n\t<\/div>\n\t<div class=\"col-1_2\">\n\t\t<p><label> Lieu de r\u00e9ception (Requis)<br \/>\n<span class=\"wpcf7-form-control-wrap\" data-name=\"menu-910\"><select class=\"wpcf7-form-control wpcf7-select wpcf7-validates-as-required\" aria-required=\"true\" aria-invalid=\"false\" name=\"menu-910\"><option value=\"\">&#8212;Veuillez choisir une option&#8212;<\/option><option value=\"Bureau\">Bureau<\/option><option value=\"A\u00e9roport de Sitia\">A\u00e9roport de Sitia<\/option><option value=\"Sitia port\">Sitia port<\/option><option value=\"A\u00e9roport d\u2019 Heraklion\">A\u00e9roport d\u2019 Heraklion<\/option><option value=\"\u0397eraklion port\">\u0397eraklion port<\/option><option value=\"A\u00e9roport de Chania\">A\u00e9roport de Chania<\/option><option value=\"Chania port\">Chania port<\/option><option value=\"Makris Gialos\">Makris Gialos<\/option><option value=\"Palekastro\">Palekastro<\/option><option value=\"Mochlos\">Mochlos<\/option><option value=\"Ierapetra\">Ierapetra<\/option><option value=\"Autre\">Autre<\/option><\/select><\/span> <\/label>\n\t\t<\/p>\n\t\t<p><label> Heure de r\u00e9ception (Requis)<br \/>\n<span class=\"wpcf7-form-control-wrap\" data-name=\"menu-317\"><select class=\"wpcf7-form-control wpcf7-select wpcf7-validates-as-required\" aria-required=\"true\" aria-invalid=\"false\" name=\"menu-317\"><option value=\"\">&#8212;Veuillez choisir une option&#8212;<\/option><option value=\"06:00\">06:00<\/option><option value=\"07:00\">07:00<\/option><option value=\"08:00\">08:00<\/option><option value=\"09:00\">09:00<\/option><option value=\"10:00\">10:00<\/option><option value=\"11:00\">11:00<\/option><option value=\"12:00\">12:00<\/option><option value=\"13:00\">13:00<\/option><option value=\"14:00\">14:00<\/option><option value=\"15:00\">15:00<\/option><option value=\"16:00\">16:00<\/option><option value=\"17:00\">17:00<\/option><option value=\"18:00\">18:00<\/option><option value=\"19:00\">19:00<\/option><option value=\"20:00\">20:00<\/option><option value=\"21:00\">21:00<\/option><option value=\"22:00\">22:00<\/option><option value=\"23:00\">23:00<\/option><option value=\"24:00\">24:00<\/option><\/select><\/span> <\/label>\n\t\t<\/p>\n\t<\/div>\n\t<div class=\"col-1_2\">\n\t\t<p><label> Lieu de livraison (Requis)<br \/>\n<span class=\"wpcf7-form-control-wrap\" data-name=\"menu-911\"><select class=\"wpcf7-form-control wpcf7-select wpcf7-validates-as-required\" aria-required=\"true\" aria-invalid=\"false\" name=\"menu-911\"><option value=\"\">&#8212;Veuillez choisir une option&#8212;<\/option><option value=\"Bureau\">Bureau<\/option><option value=\"A\u00e9roport de Sitia\">A\u00e9roport de Sitia<\/option><option value=\"Sitia port\">Sitia port<\/option><option value=\"A\u00e9roport d\u2019 Heraklion\">A\u00e9roport d\u2019 Heraklion<\/option><option value=\"\u0397eraklion port\">\u0397eraklion port<\/option><option value=\"A\u00e9roport de Chania\">A\u00e9roport de Chania<\/option><option value=\"Chania port\">Chania port<\/option><option value=\"Makris Gialos\">Makris Gialos<\/option><option value=\"Palekastro\">Palekastro<\/option><option value=\"Mochlos\">Mochlos<\/option><option value=\"Ierapetra\">Ierapetra<\/option><option value=\"Autre\">Autre<\/option><\/select><\/span> <\/label>\n\t\t<\/p>\n\t\t<p><label> Heure de livraison (Requis)<br \/>\n<span class=\"wpcf7-form-control-wrap\" data-name=\"menu-318\"><select class=\"wpcf7-form-control wpcf7-select wpcf7-validates-as-required\" aria-required=\"true\" aria-invalid=\"false\" name=\"menu-318\"><option value=\"\">&#8212;Veuillez choisir une option&#8212;<\/option><option value=\"06:00\">06:00<\/option><option value=\"07:00\">07:00<\/option><option value=\"08:00\">08:00<\/option><option value=\"09:00\">09:00<\/option><option value=\"10:00\">10:00<\/option><option value=\"11:00\">11:00<\/option><option value=\"12:00\">12:00<\/option><option value=\"13:00\">13:00<\/option><option value=\"14:00\">14:00<\/option><option value=\"15:00\">15:00<\/option><option value=\"16:00\">16:00<\/option><option value=\"17:00\">17:00<\/option><option value=\"18:00\">18:00<\/option><option value=\"19:00\">19:00<\/option><option value=\"20:00\">20:00<\/option><option value=\"21:00\">21:00<\/option><option value=\"22:00\">22:00<\/option><option value=\"23:00\">23:00<\/option><option value=\"24:00\">24:00<\/option><\/select><\/span> <\/label>\n\t\t<\/p>\n\t<\/div>\n<\/div>\n<h4><strong>Voiture - Extras<\/strong>\n<\/h4>\n<div class=\"clearfix\" style=\"border-top:3px double #000000;\">\n\t<div class=\"col-1_2\">\n\t\t<p><label> Type de voiture (Requis)<br \/>\n<span class=\"wpcf7-form-control-wrap\" data-name=\"menu-546\"><select class=\"wpcf7-form-control wpcf7-select wpcf7-validates-as-required\" aria-required=\"true\" aria-invalid=\"false\" name=\"menu-546\"><option value=\"\">&#8212;Veuillez choisir une option&#8212;<\/option><option value=\"CITROEN C1\">CITROEN C1<\/option><option value=\"SEAT Mii\">SEAT Mii<\/option><option value=\"HYUNDAI ACCENT\">HYUNDAI ACCENT<\/option><option value=\"SEAT IBIZA TSI\">SEAT IBIZA TSI<\/option><option value=\"HYUNDAI i20 CRDi\">HYUNDAI i20 CRDi<\/option><option value=\"HYUNDAI i10\">HYUNDAI i10<\/option><option value=\"KIA STONIC\">KIA STONIC<\/option><option value=\"FIAT PANDA\">FIAT PANDA<\/option><option value=\"TOYOTA YARIS\">TOYOTA YARIS<\/option><option value=\"OPEL ASTRA DIESEL\">OPEL ASTRA DIESEL<\/option><option value=\"SUZUKI JIMNY\">SUZUKI JIMNY<\/option><option value=\"DAIHATSU TERIOS\">DAIHATSU TERIOS<\/option><option value=\"RENAULT CLIO 1,5 DIESEL\">RENAULT CLIO 1,5 DIESEL<\/option><\/select><\/span> <\/label>\n\t\t<\/p>\n\t<\/div>\n\t<div class=\"col-1_2\">\n\t\t<p><label> Suppl\u00e9ments de voiture<br \/>\n<span class=\"wpcf7-form-control-wrap\" data-name=\"menu-674\"><select class=\"wpcf7-form-control wpcf7-select\" aria-invalid=\"false\" name=\"menu-674\"><option value=\"\">&#8212;Veuillez choisir une option&#8212;<\/option><option value=\"SIEGE DU ENFANT\">SIEGE DU ENFANT<\/option><option value=\"CUFFIN POUR BEBE\">CUFFIN POUR BEBE<\/option><option value=\"BASE DE BICYCLETTE\">BASE DE BICYCLETTE<\/option><option value=\"BASE DE PLANCHE \u2013 DE SURF (Seulement pour JIMNY)\">BASE DE PLANCHE \u2013 DE SURF (Seulement pour JIMNY)<\/option><option value=\"GPS (Charge 3 \u20ac par jour)\">GPS (Charge 3 \u20ac par jour)<\/option><\/select><\/span> <\/label>\n\t\t<\/p>\n\t<\/div>\n<\/div>\n<p><label> Autres commentaires et remarques<br \/>\n<span class=\"wpcf7-form-control-wrap\" data-name=\"textarea-439\"><textarea cols=\"40\" rows=\"10\" class=\"wpcf7-form-control wpcf7-textarea\" aria-invalid=\"false\" name=\"textarea-439\"><\/textarea><\/span> <\/label><br \/>\n<hr \/><br \/>\n<input class=\"wpcf7-form-control wpcf7-submit has-spinner\" type=\"submit\" value=\"Soumettre\" \/>\n<\/p><div class=\"wpcf7-response-output\" aria-hidden=\"true\"><\/div>\n<\/form>\n<\/div>\n\n","protected":false},"excerpt":{"rendered":"<p>Remplir le formulaire suivant pour une demande de r\u00e9servation de voiture S&rsquo;il vous pla\u00eet.<\/p>\n","protected":false},"author":1,"featured_media":0,"parent":0,"menu_order":0,"comment_status":"closed","ping_status":"closed","template":"","meta":{"footnotes":""},"_links":{"self":[{"href":"https:\/\/sitiarentacar.gr\/fr\/wp-json\/wp\/v2\/pages\/19"}],"collection":[{"href":"https:\/\/sitiarentacar.gr\/fr\/wp-json\/wp\/v2\/pages"}],"about":[{"href":"https:\/\/sitiarentacar.gr\/fr\/wp-json\/wp\/v2\/types\/page"}],"author":[{"embeddable":true,"href":"https:\/\/sitiarentacar.gr\/fr\/wp-json\/wp\/v2\/users\/1"}],"replies":[{"embeddable":true,"href":"https:\/\/sitiarentacar.gr\/fr\/wp-json\/wp\/v2\/comments?post=19"}],"version-history":[{"count":4,"href":"https:\/\/sitiarentacar.gr\/fr\/wp-json\/wp\/v2\/pages\/19\/revisions"}],"predecessor-version":[{"id":62,"href":"https:\/\/sitiarentacar.gr\/fr\/wp-json\/wp\/v2\/pages\/19\/revisions\/62"}],"wp:attachment":[{"href":"https:\/\/sitiarentacar.gr\/fr\/wp-json\/wp\/v2\/media?parent=19"}],"curies":[{"name":"wp","href":"https:\/\/api.w.org\/{rel}","templated":true}]}}