{"id":15,"date":"2018-10-19T12:15:31","date_gmt":"2018-10-19T09:15:31","guid":{"rendered":"https:\/\/second.sitiarentacar.gr\/fr\/?page_id=15"},"modified":"2024-02-06T17:57:14","modified_gmt":"2024-02-06T15:57:14","slug":"termes-et-conditions-de-location","status":"publish","type":"page","link":"https:\/\/sitiarentacar.gr\/fr\/termes-et-conditions-de-location\/","title":{"rendered":"Terms et Contitions de Location"},"content":{"rendered":"<p><strong>\u00c2GE REQUIS<\/strong>: Pour les cat\u00e9gories A, B, \u00e2ge minimum 21 ans et pour toutes les autres cat\u00e9gories 23 ans. Les conducteurs qui ont moins de 23 ans, ind\u00e9pendamment de la cat\u00e9gorie du v\u00e9hicule, soumis \u00e0 un suppl\u00e9ment \u00e9gal \u00e0 5 \u20ac par jour, avec une charge maximale de 35 \u20ac, plus TVA, par contrat de location.<\/p>\n<p><strong>PERMIS DE CONDUIRE<\/strong>: Le permis du conducteur du v\u00e9hicule lou\u00e9 doit \u00eatre \u00e9mis au moins un an avant la date de location. Le conducteur doit avoir un permis de conduire d\u00e9livr\u00e9 par un pays de l&rsquo;Union europ\u00e9enne ou le titulaire du permis de conduire international.<\/p>\n<p><strong>P\u00c9RIODE DE LOCATION<\/strong>: La dur\u00e9e minimale de location est d&rsquo;une journ\u00e9e. Apr\u00e8s l&rsquo;expiration du bail convenu, le SITIA RENT A CAR permet au locataire un d\u00e9lai de gr\u00e2ce pour le retour de la voiture \u00e0 deux heures sans aucun frais. Apr\u00e8s l&rsquo;expiration de la p\u00e9riode de gr\u00e2ce pr\u00e9-cit\u00e9, le locataire sera factur\u00e9 au co\u00fbt d&rsquo;une journ\u00e9e suppl\u00e9mentaire. Si le locataire veut prolonger le bail du v\u00e9hicule il est tenu d&rsquo;aviser le locateur de vingt-quatre (24) heures au moins avant la fin du bail \u00e0 recevoir l&rsquo;approbation. Si elle ne parvient pas \u00e0 le faire, en vertu de la responsabilit\u00e9 civile et p\u00e9nale pour utilisation ill\u00e9gale et de possession de la voiture.<\/p>\n<p><strong>PAIEMENT<\/strong>: pr\u00e9pay\u00e9e le loyer estim\u00e9. Pour toutes les classes, le locataire doit pr\u00e9senter une carte de cr\u00e9dit accept\u00e9e par le SITIA RENT A CAR pour couvrir les paiements li\u00e9s \u00e0 la garantie, le d\u00e9p\u00f4t et le remboursement des frais de location.<\/p>\n<p><strong>AMENDES ET VIOLATIONS<\/strong>: Toutes les amendes et p\u00e9nalit\u00e9s r\u00e9sultant de la faute du conducteur enti\u00e8rement support\u00e9s par le locataire.<\/p>\n<p><strong>S\u00c9CURIT\u00c9<\/strong>: Les locataires de SITIA RENT A CAR sont assur\u00e9s aupr\u00e8s de la responsabilit\u00e9 civile en cas de d\u00e9c\u00e8s, des blessures et des dommages mat\u00e9riels. Les couvertures sont soumises aux conditions g\u00e9n\u00e9rales du contrat de SITIA RENT A CAR avec la compagnie d&rsquo;assurance en Gr\u00e8ce.<\/p>\n<p>*<strong>\u00a0DISCLAIMER CDW<\/strong>: La responsabilit\u00e9 du locataire pour les dommages \u00e0 un v\u00e9hicule de location peut \u00eatre r\u00e9duite, \u00e0 condition qu&rsquo;aucune violation des r\u00e8gles de la circulation, la redevance minimale de 400 \u20ac pour les cat\u00e9gories A, B, de 600 \u20ac pour les cat\u00e9gories C , D, E, et 800 \u20ac pour les cat\u00e9gorie F, \u00e0 la condition de payer le montant de 8 \u20ac, 10 \u20ac et 12 \u20ac respectivement par jour de location.<\/p>\n<p>*\u00a0<strong>PROTECTION CONTRE LE VOL (TP)<\/strong>: la couverture contre le vol est un service optionnel qui, si elle est accept\u00e9e, le locataire peut limiter sa responsabilit\u00e9 en cas de vol de la voiture de location de SITIA RENT A CAR \u00e0 500 \u20ac pour les cat\u00e9gories A, B, 700 \u20ac pour les cat\u00e9gories C, D et 900 pour les cat\u00e9gorie F \u00e0 la condition de payer le montant de 3 \u20ac, 5 \u20ac, 8 \u20ac par jour de location, respectivement.<\/p>\n<p>L&rsquo;assurance ne couvre pas les dommages caus\u00e9s par:<\/p>\n<p>intentionnellement ou par n\u00e9gligence, l&rsquo;utilisation de mauvais carburant, violation des termes du contrat de location, des catastrophes naturelles ou des actes terroristes, la conduite sur les routes non pav\u00e9es, la conduite sous l&rsquo;influence de la consommation d&rsquo;alcool &#8211; m\u00e9dicaments ou de drogues. Elle ne couvre pas les dommages caus\u00e9s sur le bas de caisse, sur le toit, les antennes, les miroirs et les pneus de la voiture ou \u00e0 l&rsquo;int\u00e9rieur du v\u00e9hicule (cigarette allum\u00e9e, l&rsquo;int\u00e9rieur endommag\u00e9, les d\u00e9g\u00e2ts des animaux de compagnie, endommagent l&rsquo;am\u00e9nagement int\u00e9rieur en raison d&rsquo;une mauvaise utilisation, salet\u00e9 excessive).<\/p>\n<p>En cas d&rsquo;accident ou autre incident (incendie, vol, etc.). Le locataire ou le conducteur suppl\u00e9mentaire est n\u00e9cessaire imm\u00e9diatement dans ce qui suit:<\/p>\n<p>a) imm\u00e9diatement contact\u00e9 par t\u00e9l\u00e9phone ou par tout autre moyen maintenant aux t\u00e9l +30 2843026860, +30 6977245159.<\/p>\n<p>b) immobiliser la voiture et demander aux parties prenantes pour immobiliser leur v\u00e9hicule sur les lieux jusqu&rsquo;\u00e0 ce repr\u00e9sentant de la compagnie d&rsquo;assurance.<\/p>\n<p>a) de ne pas reconna\u00eetre la faute ou la culpabilit\u00e9 et les r\u00e9clamations de tiers en aucune fa\u00e7on, directement ou indirectement.<\/p>\n<p>c) noter les noms et adresses des t\u00e9moins et le nom et l&rsquo;adresse des donn\u00e9es de conducteurs et les v\u00e9hicules, qui sont entr\u00e9s en collision une voiture.<\/p>\n<p>d) aviser la police de retracer la faute de la troisi\u00e8me et les soins des bless\u00e9s existants<\/p>\n<p>e) de recueillir des informations aupr\u00e8s des tiers<\/p>\n<p>f) pour photographier la sc\u00e8ne de l&rsquo;accident et les v\u00e9hicules impliqu\u00e9s dans l&rsquo;accident, si possible.<\/p>\n<p>Le locataire est tenu dans les 24 heures pour compl\u00e9ter et signer un accident \/ vol au bureau de la soci\u00e9t\u00e9 et de livrer l&rsquo;un des documents de l&rsquo;accident ou de l&rsquo;information. En cas de perte ou de vol de la voiture par le locataire est tenu de d\u00e9noncer le fait par \u00e9crit \u00e0 l&rsquo;autorit\u00e9 de police le plus proche.<\/p>\n<p>Le co\u00fbt des accidents du fichier: Le pilote est factur\u00e9 15 \u20ac en cas d&rsquo;accident, la faute. Ce montant est non-remboursable.<\/p>\n<p><strong>CONDUCTEUR ADDITIONNEL<\/strong>: Forfait journalier 4 \u20ac pour chaque pilote suppl\u00e9mentaire.<\/p>\n<p><strong>POLITIQUE DE CARBURANT<\/strong>: Les frais de carburant sont \u00e0 la charge du locataire. Votre v\u00e9hicule sera livr\u00e9 avec une certaine quantit\u00e9 de carburant et doit \u00eatre retourn\u00e9 avec la m\u00eame quantit\u00e9.<\/p>\n<p><strong>DES SI\u00c8GES B<\/strong><strong>\u00c9B<\/strong><strong>\u00c9<\/strong>: Disponible avec suppl\u00e9ment de 2 \u20ac par jour.<\/p>\n<p><strong>NAVIGATOR &#8211; GPS<\/strong>: sont disponibles moyennant un suppl\u00e9ment de 4 \u20ac par jour.<\/p>\n<p><strong>CHANGEMENT<\/strong>: type de voiture: La Soci\u00e9t\u00e9 se r\u00e9serve le droit, en fonction de la disponibilit\u00e9 pour fournir un type de voiture diff\u00e9rente de celle de la r\u00e9servation initiale avec une cat\u00e9gorie cor-respondante, ou plus.<\/p>\n<p><strong>ACCEPTATION DE LIVRAISON<\/strong>: Chaque r\u00e9ception \/ livraison dans la ville de Sitia suppl\u00e9men-taire factur\u00e9 0,40 \u20ac \/ km dans chaque sens<\/p>\n<p><strong>PERTE DES CL<\/strong><strong>\u00c9S<\/strong>: le locataire est tenu de payer 50 \u20ac &#8211; 100 \u20ac selon le type de cl\u00e9s, de les rem-placer.<\/p>\n<p><strong>ASSISTANCE ROUTI\u00c8RE<\/strong>: EUROP ASSISTANCE (service 24 heures) T\u00e9l: +302103497080.<\/p>\n<p><strong>IMP\u00d4TS<\/strong>: Tous les taux et les frais figurant sur le formulaire sont soumis \u00e0 la TVA de 23%.<\/p>\n<p><strong>R<\/strong><strong>\u00c9SERVATION<\/strong>: Un acompte de 20% du co\u00fbt de location.<\/p>\n<p>* Politique d&rsquo;annulation: Pour les annulations faites au moins 15 jours avant la date pr\u00e9vue de lo-cation, il n&rsquo;y a aucune charge et le d\u00e9p\u00f4t est rembours\u00e9 en totalit\u00e9. Pour les annulations faites moins de 15 jours avant la date de location, le d\u00e9p\u00f4t est non remboursable.<\/p>\n<p><strong>KILOMETRAGE LIMIT<\/strong><strong>\u00c9<\/strong>: Les locations de 3 jours ou plus comprennent le kilom\u00e9trage illimit\u00e9. Tous les baux 1-2 jours comprennent une connexion 300 km par jour. Le d\u00e9passement de cette limite, vous serez factur\u00e9 0,15 \u20ac \/ km pour chaque kilom\u00e8tre additionnel sera effectu\u00e9.<\/p>\n<p>En cours de bail, tous les pilotes suppl\u00e9mentaires sont conjointement et solidairement au locataire.<\/p>\n<p>Le locataire n&rsquo;a pas le droit d&rsquo;utiliser la voiture de location en dehors de la Cr\u00e8te ou la rendre \u00e0 bord d&rsquo;un navire sans l&rsquo;autorisation \u00e9crite de la soci\u00e9t\u00e9.<\/p>\n<p>La soci\u00e9t\u00e9 ne peut pas accepter la responsabilit\u00e9 pour la perte d&rsquo;effets personnels du locataire et ceux de la voiture lou\u00e9e en cours de bail.Express\u00e9ment interdit au locataire d&rsquo;utiliser la voiture pour transporter des choses lourdes et bagages, plus de personnes que celles indiqu\u00e9es dans la commercialisation autorisation, personnes ou les biens \u00e0 louer, des mati\u00e8res inflammables, pol-luants, m\u00e9dicaments et tout autre sans rapport avec ce contrat. Il est \u00e9galement interdit de louer \u00e0 un tiers, \u00e0 mener sous l&rsquo;influence de l&rsquo;alcool &#8211; -narkotikon-barbituriques hallucinog\u00e8nes ou toute autre substance, de suivre ou participer \u00e0 des comp\u00e9titions de v\u00e9hicules \u00e0 moteur \u00e0 conduire sur des routes non rev\u00eatues, pour remorquer ou remorquer un v\u00e9hicule ou d&rsquo;autres \u00e9l\u00e9ments \u00e0 utiliser pour effectuer le transport ill\u00e9gal de personnes nationales ou \u00e9trang\u00e8res ou de commettre des actes ill\u00e9gaux. La violation de cette condition et l&rsquo;infraction r\u00e9sultant des dommages support\u00e9s par le pilote de locataire.<\/p>\n<p>Le contrat de location est r\u00e9gie par la loi grecque et tout litige d\u00e9coulant entre le bailleur et le loca-taire de cet accord, soumis \u00e0 la comp\u00e9tence exclusive des tribunaux.<\/p>\n","protected":false},"excerpt":{"rendered":"<p>Le contrat de location est r\u00e9gie par la loi grecque et tout litige d\u00e9coulant entre le bailleur et le loca-taire de cet accord, soumis \u00e0 la comp\u00e9tence exclusive des tribunaux.<\/p>\n","protected":false},"author":1,"featured_media":0,"parent":0,"menu_order":0,"comment_status":"closed","ping_status":"closed","template":"","meta":{"footnotes":""},"_links":{"self":[{"href":"https:\/\/sitiarentacar.gr\/fr\/wp-json\/wp\/v2\/pages\/15"}],"collection":[{"href":"https:\/\/sitiarentacar.gr\/fr\/wp-json\/wp\/v2\/pages"}],"about":[{"href":"https:\/\/sitiarentacar.gr\/fr\/wp-json\/wp\/v2\/types\/page"}],"author":[{"embeddable":true,"href":"https:\/\/sitiarentacar.gr\/fr\/wp-json\/wp\/v2\/users\/1"}],"replies":[{"embeddable":true,"href":"https:\/\/sitiarentacar.gr\/fr\/wp-json\/wp\/v2\/comments?post=15"}],"version-history":[{"count":4,"href":"https:\/\/sitiarentacar.gr\/fr\/wp-json\/wp\/v2\/pages\/15\/revisions"}],"predecessor-version":[{"id":398,"href":"https:\/\/sitiarentacar.gr\/fr\/wp-json\/wp\/v2\/pages\/15\/revisions\/398"}],"wp:attachment":[{"href":"https:\/\/sitiarentacar.gr\/fr\/wp-json\/wp\/v2\/media?parent=15"}],"curies":[{"name":"wp","href":"https:\/\/api.w.org\/{rel}","templated":true}]}}